{"id":298,"date":"2025-09-06T08:00:09","date_gmt":"2025-09-06T06:00:09","guid":{"rendered":"https:\/\/editionslaplume.fr\/?post_type=product&#038;p=298"},"modified":"2026-04-22T22:35:33","modified_gmt":"2026-04-22T20:35:33","slug":"laffaire-bojarski","status":"publish","type":"product","link":"https:\/\/editionslaplume.fr\/index.php\/product\/laffaire-bojarski\/","title":{"rendered":"L&rsquo;Affaire Bojarski, le Ma\u00eetre de la Fausse Monnaie"},"content":{"rendered":"<p>Exemplaire d\u00e9dicac\u00e9 par l&rsquo;auteur, envoi soign\u00e9 depuis l\u2019\u00e9diteur, avec marque-page et contenu compl\u00e9mentaire exclusif.<\/p>\n","protected":false},"excerpt":{"rendered":"<p class=\"book-author\">Guillaume Soa<\/p>\n<p class=\"book-hook\"><em>Un roman inspir\u00e9 d\u2019une affaire r\u00e9elle qui a marqu\u00e9 la France.<\/em><\/p>\n<p>Pendant deux d\u00e9cennies, Bojarski a dup\u00e9 l\u2019\u00c9tat fran\u00e7ais avec un talent inou\u00ef. Trois cent millions de francs sortis de ses presses clandestines, ind\u00e9tectables, inarr\u00eatables. Face \u00e0 lui le commissaire Benhamou, obsessionnel, inflexible, pr\u00eat \u00e0 tout pour connaitre l\u2019identit\u00e9 du C\u00e9zanne de la Fausse Monnaie.<\/p>\n<p>Deux destins li\u00e9s par un duel hors normes, une traque historique qui redessine les contours du vrai et du faux.<\/p>\n<p>D\u00e9couvrez l\u2019histoire vraie du plus grand faussaire du XXe si\u00e8cle. Une plong\u00e9e vertigineuse dans un monde imprim\u00e9 \u00e0 l\u2019encre de la tromperie. La v\u00e9rit\u00e9 n\u2019est jamais l\u00e0 o\u00f9 on l\u2019attend.<\/p>\n<p style=\"font-style:italic\">Et vous, saurez-vous d\u00e9m\u00ealer le vrai du faux ?<\/p>\n<hr class=\"wp-block-separator has-alpha-channel-opacity\"\/>\n<p>Un livre de <strong>Guillaume Soa<\/strong>, auteur sp\u00e9cialis\u00e9 dans les r\u00e9cits inspir\u00e9s de faits r\u00e9els, o\u00f9 la rigueur de la recherche rencontre le souffle du roman.<\/p>\n<hr class=\"wp-block-separator has-alpha-channel-opacity\"\/>\n<p class=\"book-details\">Collection La Plume | Roman Policier | 352 pages<\/p>\n","protected":false},"featured_media":305,"comment_status":"open","ping_status":"closed","template":"","meta":{"site-sidebar-layout":"default","site-content-layout":"","ast-site-content-layout":"default","site-content-style":"default","site-sidebar-style":"default","ast-global-header-display":"","ast-banner-title-visibility":"","ast-main-header-display":"","ast-hfb-above-header-display":"","ast-hfb-below-header-display":"","ast-hfb-mobile-header-display":"","site-post-title":"","ast-breadcrumbs-content":"","ast-featured-img":"","footer-sml-layout":"","ast-disable-related-posts":"","theme-transparent-header-meta":"default","adv-header-id-meta":"","stick-header-meta":"","header-above-stick-meta":"","header-main-stick-meta":"","header-below-stick-meta":"","astra-migrate-meta-layouts":"set","ast-page-background-enabled":"default","ast-page-background-meta":{"desktop":{"background-color":"var(--ast-global-color-5)","background-image":"","background-repeat":"repeat","background-position":"center center","background-size":"auto","background-attachment":"scroll","background-type":"","background-media":"","overlay-type":"","overlay-color":"","overlay-opacity":"","overlay-gradient":""},"tablet":{"background-color":"","background-image":"","background-repeat":"repeat","background-position":"center center","background-size":"auto","background-attachment":"scroll","background-type":"","background-media":"","overlay-type":"","overlay-color":"","overlay-opacity":"","overlay-gradient":""},"mobile":{"background-color":"","background-image":"","background-repeat":"repeat","background-position":"center center","background-size":"auto","background-attachment":"scroll","background-type":"","background-media":"","overlay-type":"","overlay-color":"","overlay-opacity":"","overlay-gradient":""}},"ast-content-background-meta":{"desktop":{"background-color":"var(--ast-global-color-4)","background-image":"","background-repeat":"repeat","background-position":"center center","background-size":"auto","background-attachment":"scroll","background-type":"","background-media":"","overlay-type":"","overlay-color":"","overlay-opacity":"","overlay-gradient":""},"tablet":{"background-color":"var(--ast-global-color-4)","background-image":"","background-repeat":"repeat","background-position":"center center","background-size":"auto","background-attachment":"scroll","background-type":"","background-media":"","overlay-type":"","overlay-color":"","overlay-opacity":"","overlay-gradient":""},"mobile":{"background-color":"var(--ast-global-color-4)","background-image":"","background-repeat":"repeat","background-position":"center center","background-size":"auto","background-attachment":"scroll","background-type":"","background-media":"","overlay-type":"","overlay-color":"","overlay-opacity":"","overlay-gradient":""}}},"product_brand":[],"product_cat":[25,24,46],"product_tag":[],"class_list":{"0":"post-298","1":"product","2":"type-product","3":"status-publish","4":"has-post-thumbnail","6":"product_cat-laplume","7":"product_cat-livres","8":"product_cat-romanpolicier","9":"desktop-align-left","10":"tablet-align-left","11":"mobile-align-left","13":"first","14":"instock","15":"featured","16":"shipping-taxable","17":"purchasable","18":"product-type-variable","19":"has-default-attributes"},"_links":{"self":[{"href":"https:\/\/editionslaplume.fr\/index.php\/wp-json\/wp\/v2\/product\/298","targetHints":{"allow":["GET"]}}],"collection":[{"href":"https:\/\/editionslaplume.fr\/index.php\/wp-json\/wp\/v2\/product"}],"about":[{"href":"https:\/\/editionslaplume.fr\/index.php\/wp-json\/wp\/v2\/types\/product"}],"replies":[{"embeddable":true,"href":"https:\/\/editionslaplume.fr\/index.php\/wp-json\/wp\/v2\/comments?post=298"}],"wp:featuredmedia":[{"embeddable":true,"href":"https:\/\/editionslaplume.fr\/index.php\/wp-json\/wp\/v2\/media\/305"}],"wp:attachment":[{"href":"https:\/\/editionslaplume.fr\/index.php\/wp-json\/wp\/v2\/media?parent=298"}],"wp:term":[{"taxonomy":"product_brand","embeddable":true,"href":"https:\/\/editionslaplume.fr\/index.php\/wp-json\/wp\/v2\/product_brand?post=298"},{"taxonomy":"product_cat","embeddable":true,"href":"https:\/\/editionslaplume.fr\/index.php\/wp-json\/wp\/v2\/product_cat?post=298"},{"taxonomy":"product_tag","embeddable":true,"href":"https:\/\/editionslaplume.fr\/index.php\/wp-json\/wp\/v2\/product_tag?post=298"}],"curies":[{"name":"wp","href":"https:\/\/api.w.org\/{rel}","templated":true}]}}