{"id":117,"date":"2022-03-22T18:00:30","date_gmt":"2022-03-22T17:00:30","guid":{"rendered":"https:\/\/editionslaplume.fr\/?post_type=product&#038;p=117"},"modified":"2026-04-07T14:08:18","modified_gmt":"2026-04-07T12:08:18","slug":"la-filiation-des-templiers","status":"publish","type":"product","link":"https:\/\/editionslaplume.fr\/index.php\/product\/la-filiation-des-templiers\/","title":{"rendered":"La Filiation des Templiers"},"content":{"rendered":"<p>Exemplaire d\u00e9dicac\u00e9 par l&rsquo;auteur, envoi soign\u00e9 depuis l\u2019\u00e9diteur avec marque-page.<\/p>\n","protected":false},"excerpt":{"rendered":"<p class=\"book-author\">Guillaume Soa<\/p>\n<p class=\"book-hook\"><em>La v\u00e9rit\u00e9 est un h\u00e9ritage. La mort en est le prix.<\/em><\/p>\n<p><strong>F\u00e9vrier 1939. <\/strong>Alors que l\u2019Europe s\u2019embrase, Jean Moulin prend ses fonctions de Pr\u00e9fet \u00e0 Chartres. Accueilli par des menaces de l\u2019ombre, il s\u2019engage dans une qu\u00eate p\u00e9rilleuse pour contrer une soci\u00e9t\u00e9 secr\u00e8te : d\u00e9crypter le message sacr\u00e9 grav\u00e9 depuis des si\u00e8cles dans la pierre de la cath\u00e9drale.<\/p>\n<p><strong>Aujourd\u2019hui. <\/strong>Matt, guid\u00e9 par l&rsquo;h\u00e9ritage \u00e9rudit de son grand-p\u00e8re historien, brise les silences d\u2019un pass\u00e9 dont il ignorait tout. De symboles cach\u00e9s en r\u00e9v\u00e9lations interdites, il r\u00e9veille une traque mill\u00e9naire et d\u00e9couvre que sa propre survie d\u00e9pend d&rsquo;une filiation oubli\u00e9e, n\u00e9e dans l&rsquo;ombre des Templiers.<\/p>\n<p>Certains secrets ne meurent jamais. Entre devoir de m\u00e9moire et traque mortelle, plongez dans une qu\u00eate \u00e9rudite o\u00f9 la grande Histoire rencontre le destin.<\/p>\n<p style=\"font-style:italic\">Et vous, qu\u2019allez-vous d\u00e9couvrir ?<\/p>\n<hr class=\"wp-block-separator has-alpha-channel-opacity\"\/>\n<p>Un livre de <strong>Guillaume Soa<\/strong>, auteur sp\u00e9cialis\u00e9 dans les r\u00e9cits inspir\u00e9s de faits r\u00e9els, o\u00f9 la rigueur de la recherche rencontre le souffle du roman.<\/p>\n<hr class=\"wp-block-separator has-alpha-channel-opacity\"\/>\n<p class=\"book-details\">Collection La Plume | Thriller Historique | 408 pages<\/p>\n","protected":false},"featured_media":118,"comment_status":"open","ping_status":"closed","template":"","meta":{"site-sidebar-layout":"default","site-content-layout":"","ast-site-content-layout":"default","site-content-style":"default","site-sidebar-style":"default","ast-global-header-display":"","ast-banner-title-visibility":"","ast-main-header-display":"","ast-hfb-above-header-display":"","ast-hfb-below-header-display":"","ast-hfb-mobile-header-display":"","site-post-title":"","ast-breadcrumbs-content":"","ast-featured-img":"","footer-sml-layout":"","ast-disable-related-posts":"","theme-transparent-header-meta":"default","adv-header-id-meta":"","stick-header-meta":"","header-above-stick-meta":"","header-main-stick-meta":"","header-below-stick-meta":"","astra-migrate-meta-layouts":"set","ast-page-background-enabled":"default","ast-page-background-meta":{"desktop":{"background-color":"var(--ast-global-color-5)","background-image":"","background-repeat":"repeat","background-position":"center center","background-size":"auto","background-attachment":"scroll","background-type":"","background-media":"","overlay-type":"","overlay-color":"","overlay-opacity":"","overlay-gradient":""},"tablet":{"background-color":"","background-image":"","background-repeat":"repeat","background-position":"center center","background-size":"auto","background-attachment":"scroll","background-type":"","background-media":"","overlay-type":"","overlay-color":"","overlay-opacity":"","overlay-gradient":""},"mobile":{"background-color":"","background-image":"","background-repeat":"repeat","background-position":"center center","background-size":"auto","background-attachment":"scroll","background-type":"","background-media":"","overlay-type":"","overlay-color":"","overlay-opacity":"","overlay-gradient":""}},"ast-content-background-meta":{"desktop":{"background-color":"var(--ast-global-color-4)","background-image":"","background-repeat":"repeat","background-position":"center center","background-size":"auto","background-attachment":"scroll","background-type":"","background-media":"","overlay-type":"","overlay-color":"","overlay-opacity":"","overlay-gradient":""},"tablet":{"background-color":"var(--ast-global-color-4)","background-image":"","background-repeat":"repeat","background-position":"center center","background-size":"auto","background-attachment":"scroll","background-type":"","background-media":"","overlay-type":"","overlay-color":"","overlay-opacity":"","overlay-gradient":""},"mobile":{"background-color":"var(--ast-global-color-4)","background-image":"","background-repeat":"repeat","background-position":"center center","background-size":"auto","background-attachment":"scroll","background-type":"","background-media":"","overlay-type":"","overlay-color":"","overlay-opacity":"","overlay-gradient":""}}},"product_brand":[],"product_cat":[25,24,47],"product_tag":[31,34,35,32],"class_list":{"0":"post-117","1":"product","2":"type-product","3":"status-publish","4":"has-post-thumbnail","6":"product_cat-laplume","7":"product_cat-livres","8":"product_cat-thrillerhistorique","9":"product_tag-chartres","10":"product_tag-suspens","11":"product_tag-templiers","12":"product_tag-thriller-historique","13":"desktop-align-left","14":"tablet-align-left","15":"mobile-align-left","17":"first","18":"instock","19":"shipping-taxable","20":"purchasable","21":"product-type-variable","22":"has-default-attributes"},"_links":{"self":[{"href":"https:\/\/editionslaplume.fr\/index.php\/wp-json\/wp\/v2\/product\/117","targetHints":{"allow":["GET"]}}],"collection":[{"href":"https:\/\/editionslaplume.fr\/index.php\/wp-json\/wp\/v2\/product"}],"about":[{"href":"https:\/\/editionslaplume.fr\/index.php\/wp-json\/wp\/v2\/types\/product"}],"replies":[{"embeddable":true,"href":"https:\/\/editionslaplume.fr\/index.php\/wp-json\/wp\/v2\/comments?post=117"}],"wp:featuredmedia":[{"embeddable":true,"href":"https:\/\/editionslaplume.fr\/index.php\/wp-json\/wp\/v2\/media\/118"}],"wp:attachment":[{"href":"https:\/\/editionslaplume.fr\/index.php\/wp-json\/wp\/v2\/media?parent=117"}],"wp:term":[{"taxonomy":"product_brand","embeddable":true,"href":"https:\/\/editionslaplume.fr\/index.php\/wp-json\/wp\/v2\/product_brand?post=117"},{"taxonomy":"product_cat","embeddable":true,"href":"https:\/\/editionslaplume.fr\/index.php\/wp-json\/wp\/v2\/product_cat?post=117"},{"taxonomy":"product_tag","embeddable":true,"href":"https:\/\/editionslaplume.fr\/index.php\/wp-json\/wp\/v2\/product_tag?post=117"}],"curies":[{"name":"wp","href":"https:\/\/api.w.org\/{rel}","templated":true}]}}