{"id":561,"date":"2025-09-02T20:38:28","date_gmt":"2025-09-02T18:38:28","guid":{"rendered":"https:\/\/editionslaplume.fr\/?page_id=561"},"modified":"2025-12-15T09:35:49","modified_gmt":"2025-12-15T08:35:49","slug":"collection-lencre","status":"publish","type":"page","link":"https:\/\/editionslaplume.fr\/index.php\/collection-lencre\/","title":{"rendered":"Collection L&rsquo;Encre"},"content":{"rendered":"\n\n<div class=\"wp-block-cover alignfull is-light\" style=\"min-height:30vh\">\n    <span aria-hidden=\"true\" class=\"wp-block-cover__background has-background-dim-0 has-background-dim\"><\/span>\n    <img class=\"wp-block-cover__image-background\" data-object-fit=\"cover\"\/>\n    <div class=\"wp-block-cover__inner-container\">\n        <h1 class=\"wp-block-heading has-text-align-center has-text-color has-huge-font-size\" style=\"color:#111111;font-family:Merriweather;font-style:normal;font-weight:700\">L&rsquo;\u00e9vasion \u00e0 port\u00e9e de main<\/h1>\n        <p class=\"wp-block-paragraph has-text-align-center has-text-color\" style=\"color:#333333;font-family:'Source Sans Pro';font-size:17px\">Des romans intenses au format condens\u00e9, calibr\u00e9s pour les lecteurs press\u00e9s.<\/p>\n        <\/div>\n<\/div>\n\n\n\n\n\n<div class=\"is-layout-constrained wp-block-group-is-layout-constrained\" style=\"background-color:#F9FAFB;padding-top:40px;padding-bottom:40px\">\n<div class=\"wp-block-columns are-vertically-aligned-center is-layout-flex wp-container-core-columns-is-layout-28f84493 wp-block-columns-is-layout-flex\">\n<div class=\"wp-block-column is-vertically-aligned-center is-layout-flow wp-block-column-is-layout-flow\" style=\"flex-basis:50%\">\n<h2 class=\"wp-block-heading\" style=\"font-family:Merriweather;color:#111111;\">D\u00e9couvrez la premi\u00e8re couleur de notre palette<\/h2>\n\n\n\n<p style=\"font-family:'Source Sans Pro', sans-serif;font-size:1.125rem;color:#333333;\">La collection L&rsquo;Encre s&rsquo;ouvre avec le genre <strong style=\"color:#E07D1D;\">Thriller<\/strong>. Intense et haletant, il est identifi\u00e9 par sa couleur signature : l&rsquo;Orange.<\/p>\n<p style=\"font-family:'Source Sans Pro', sans-serif;font-size:1.125rem;color:#333333;\">Et bient\u00f4t, une nouvelle couleur&#8230;<\/p>\n<\/div>\n\n\n\n<div class=\"wp-block-column is-vertically-aligned-center is-layout-flow wp-block-column-is-layout-flow\" style=\"flex-basis:50%\">\n<figure class=\"wp-block-image aligncenter size-large is-resized is-style-default\" style=\"box-shadow: 0 10px 20px rgba(0,0,0,0.1);\"><img decoding=\"async\" src=\"https:\/\/editionslaplume.fr\/wp-content\/uploads\/2025\/09\/ID7-rupture.jpg\" alt=\"Couverture du premier thriller\" width=\"280\"\/><\/figure>\n\n\n\n<h4 class=\"wp-block-heading has-text-align-center\" style=\"font-family:Merriweather;color:#111111;margin-top:1.5rem;\">L&rsquo;Empreinte<\/h4>\n\n\n\n<p class=\"has-text-align-center\" style=\"color:#333333;\"><span style=\"color:#E07D1D;\">\ud83d\udd36<\/span> Thriller Psychologique<\/p>\n\n\n\n<div class=\"wp-block-buttons is-content-justification-center is-layout-flex wp-container-core-buttons-is-layout-a89b3969 wp-block-buttons-is-layout-flex\">\n<div class=\"wp-block-button\">\n<p>En Rupture : <a href=\"#newsletter\" style=\"border-radius:9999px\">\u00catre pr\u00e9venu(e)<\/a><\/p><\/div>\n<\/div>\n<\/div>\n<\/div>\n<\/div>\n\n\n\n<div class=\"wp-block-group alignfull is-layout-constrained wp-block-group-is-layout-constrained\" style=\"padding-top:40px;padding-bottom:80px\">\n<h2 class=\"wp-block-heading has-text-align-center\" style=\"font-family:Merriweather;color:#111111;\">Le plaisir instantan\u00e9<\/h2>\n\n\n\n<div class=\"wp-block-columns is-layout-flex wp-container-core-columns-is-layout-9055053d wp-block-columns-is-layout-flex\" style=\"margin-top:48px\">\n<div class=\"wp-block-column has-white-background-color has-background is-layout-flow wp-block-column-is-layout-flow\" style=\"border: 1px solid #EAEAEA; box-shadow: 0 4px 15px rgba(0,0,0,0.05); border-radius: 0.5rem;padding-top:32px;padding-right:32px;padding-bottom:32px;padding-left:32px\">\n\n\n<h3 class=\"wp-block-heading has-text-align-center\" style=\"font-family:Merriweather;color:#111111;margin-top:1rem;margin-bottom:0.5rem;\">Histoires Intenses<\/h3>\n\n\n\n<p class=\"has-text-align-center\" style=\"color:#333333;\">Des intrigues qui vous happent d\u00e8s la premi\u00e8re page et ne vous l\u00e2chent plus jusqu&rsquo;au d\u00e9nouement.<\/p>\n<\/div>\n\n\n\n<div class=\"wp-block-column has-white-background-color has-background is-layout-flow wp-block-column-is-layout-flow\" style=\"border: 1px solid #EAEAEA; box-shadow: 0 4px 15px rgba(0,0,0,0.05); border-radius: 0.5rem;padding-top:32px;padding-right:32px;padding-bottom:32px;padding-left:32px\">\n\n\n<h3 class=\"wp-block-heading has-text-align-center\" style=\"font-family:Merriweather;color:#111111;margin-top:1rem;margin-bottom:0.5rem;\">Format Adapt\u00e9<\/h3>\n\n\n\n<p class=\"has-text-align-center\" style=\"color:#333333;\">Emportez vos histoires partout. Une sieste, un trajet, ou par fragments : notre format est calibr\u00e9 pour s&rsquo;adapter \u00e0 votre rythme.<\/p>\n<\/div>\n\n\n\n<div class=\"wp-block-column has-white-background-color has-background is-layout-flow wp-block-column-is-layout-flow\" style=\"border: 1px solid #EAEAEA; box-shadow: 0 4px 15px rgba(0,0,0,0.05); border-radius: 0.5rem;padding-top:32px;padding-right:32px;padding-bottom:32px;padding-left:32px\">\n\n\n<h3 class=\"wp-block-heading has-text-align-center\" style=\"font-family:Merriweather;color:#111111;margin-top:1rem;margin-bottom:0.5rem;\">Plaisir Garanti<\/h3>\n\n\n\n<p class=\"has-text-align-center\" style=\"color:#333333;\">L&rsquo;efficacit\u00e9 narrative au service de vos \u00e9motions. Quand la fiction s&rsquo;adapte \u00e0 votre r\u00e9alit\u00e9.<\/p>\n<\/div>\n<\/div>\n<\/div>\n\n\n\n\n\n<div id=\"newsletter\" style=\"background-color:#2C3E50; color:white; padding: 40px 0; text-align: center;\">\n    <div style=\"max-width: 1024px; margin: 0 auto; padding: 0 14px;\">\n        <h2 style=\"font-family:Merriweather; color:white; font-size: 2.5rem; margin-bottom: 2rem;\">Et toute une palette \u00e0 suivre&#8230;<\/h2>\n        \n        <div style=\"display: flex; justify-content: center; gap: 1rem; margin: 2rem 0;\">\n            <span style=\"width: 32px; height: 32px; border-radius: 50%; background-color: #0D3B66;\"><\/span>\n            <span style=\"width: 32px; height: 32px; border-radius: 50%; background-color: #D72638;\"><\/span>\n            <span style=\"width: 32px; height: 32px; border-radius: 50%; background-color: #FFD23F;\"><\/span>\n            <span style=\"width: 32px; height: 32px; border-radius: 50%; background-color: #6A0DAD;\"><\/span>\n        <\/div>\n\n        <div style=\"display: flex; flex-wrap: wrap; justify-content: center; gap: 4rem; margin-top: 3rem;\">\n      \n            <div style=\"flex: 1; min-width: 280px; max-width: 400px; text-align: center;\">\n                <p style=\"font-size: 1.125rem; color: #EAEAEA; margin-bottom: 1rem;\">L&rsquo;aventure se passe sur les r\u00e9seaux :<\/p>\n     \n<ul class=\"wp-block-social-links has-large-icon-size has-icon-color is-style-logos-only is-content-justification-center is-layout-flex wp-container-core-social-links-is-layout-3612557e wp-block-social-links-is-layout-flex\"><li style=\"color:#FFFFFF;\" class=\"wp-social-link wp-social-link-tiktok has-white-color wp-block-social-link\"><a href=\"#\" class=\"wp-block-social-link-anchor\"><svg width=\"24\" height=\"24\" viewBox=\"0 0 32 32\" version=\"1.1\" xmlns=\"http:\/\/www.w3.org\/2000\/svg\" aria-hidden=\"true\" focusable=\"false\"><path d=\"M16.708 0.027c1.745-0.027 3.48-0.011 5.213-0.027 0.105 2.041 0.839 4.12 2.333 5.563 1.491 1.479 3.6 2.156 5.652 2.385v5.369c-1.923-0.063-3.855-0.463-5.6-1.291-0.76-0.344-1.468-0.787-2.161-1.24-0.009 3.896 0.016 7.787-0.025 11.667-0.104 1.864-0.719 3.719-1.803 5.255-1.744 2.557-4.771 4.224-7.88 4.276-1.907 0.109-3.812-0.411-5.437-1.369-2.693-1.588-4.588-4.495-4.864-7.615-0.032-0.667-0.043-1.333-0.016-1.984 0.24-2.537 1.495-4.964 3.443-6.615 2.208-1.923 5.301-2.839 8.197-2.297 0.027 1.975-0.052 3.948-0.052 5.923-1.323-0.428-2.869-0.308-4.025 0.495-0.844 0.547-1.485 1.385-1.819 2.333-0.276 0.676-0.197 1.427-0.181 2.145 0.317 2.188 2.421 4.027 4.667 3.828 1.489-0.016 2.916-0.88 3.692-2.145 0.251-0.443 0.532-0.896 0.547-1.417 0.131-2.385 0.079-4.76 0.095-7.145 0.011-5.375-0.016-10.735 0.025-16.093z\" \/><\/svg><span class=\"wp-block-social-link-label screen-reader-text\">TikTok<\/span><\/a><\/li>\n<li style=\"color:#FFFFFF;\" class=\"wp-social-link wp-social-link-instagram has-white-color wp-block-social-link\"><a href=\"#\" class=\"wp-block-social-link-anchor\"><svg width=\"24\" height=\"24\" viewBox=\"0 0 24 24\" version=\"1.1\" xmlns=\"http:\/\/www.w3.org\/2000\/svg\" aria-hidden=\"true\" focusable=\"false\"><path d=\"M12,4.622c2.403,0,2.688,0.009,3.637,0.052c0.877,0.04,1.354,0.187,1.671,0.31c0.42,0.163,0.72,0.358,1.035,0.673 c0.315,0.315,0.51,0.615,0.673,1.035c0.123,0.317,0.27,0.794,0.31,1.671c0.043,0.949,0.052,1.234,0.052,3.637 s-0.009,2.688-0.052,3.637c-0.04,0.877-0.187,1.354-0.31,1.671c-0.163,0.42-0.358,0.72-0.673,1.035 c-0.315,0.315-0.615,0.51-1.035,0.673c-0.317,0.123-0.794,0.27-1.671,0.31c-0.949,0.043-1.233,0.052-3.637,0.052 s-2.688-0.009-3.637-0.052c-0.877-0.04-1.354-0.187-1.671-0.31c-0.42-0.163-0.72-0.358-1.035-0.673 c-0.315-0.315-0.51-0.615-0.673-1.035c-0.123-0.317-0.27-0.794-0.31-1.671C4.631,14.688,4.622,14.403,4.622,12 s0.009-2.688,0.052-3.637c0.04-0.877,0.187-1.354,0.31-1.671c0.163-0.42,0.358-0.72,0.673-1.035 c0.315-0.315,0.615-0.51,1.035-0.673c0.317-0.123,0.794-0.27,1.671-0.31C9.312,4.631,9.597,4.622,12,4.622 M12,3 C9.556,3,9.249,3.01,8.289,3.054C7.331,3.098,6.677,3.25,6.105,3.472C5.513,3.702,5.011,4.01,4.511,4.511 c-0.5,0.5-0.808,1.002-1.038,1.594C3.25,6.677,3.098,7.331,3.054,8.289C3.01,9.249,3,9.556,3,12c0,2.444,0.01,2.751,0.054,3.711 c0.044,0.958,0.196,1.612,0.418,2.185c0.23,0.592,0.538,1.094,1.038,1.594c0.5,0.5,1.002,0.808,1.594,1.038 c0.572,0.222,1.227,0.375,2.185,0.418C9.249,20.99,9.556,21,12,21s2.751-0.01,3.711-0.054c0.958-0.044,1.612-0.196,2.185-0.418 c0.592-0.23,1.094-0.538,1.594-1.038c0.5-0.5,0.808-1.002,1.038-1.594c0.222-0.572,0.375-1.227,0.418-2.185 C20.99,14.751,21,14.444,21,12s-0.01-2.751-0.054-3.711c-0.044-0.958-0.196-1.612-0.418-2.185c-0.23-0.592-0.538-1.094-1.038-1.594 c-0.5-0.5-1.002-0.808-1.594-1.038c-0.572-0.222-1.227-0.375-2.185-0.418C14.751,3.01,14.444,3,12,3L12,3z M12,7.378 c-2.552,0-4.622,2.069-4.622,4.622S9.448,16.622,12,16.622s4.622-2.069,4.622-4.622S14.552,7.378,12,7.378z M12,15 c-1.657,0-3-1.343-3-3s1.343-3,3-3s3,1.343,3,3S13.657,15,12,15z M16.804,6.116c-0.596,0-1.08,0.484-1.08,1.08 s0.484,1.08,1.08,1.08c0.596,0,1.08-0.484,1.08-1.08S17.401,6.116,16.804,6.116z\"><\/path><\/svg><span class=\"wp-block-social-link-label screen-reader-text\">Instagram<\/span><\/a><\/li><\/ul>\n\n            <\/div>\n\n            <div style=\"flex: 1; min-width: 280px; max-width: 400px; text-align: center;\">\n                <p style=\"max-width: 28rem; margin: 0 auto 1.5rem; color: #EAEAEA; font-size: 1.125rem;\">Ne manquez aucune nouvelle parution et soyez alert\u00e9(e) de la sortie de nos prochaines couleurs.<\/p>\n                <div style=\"max-width: 28rem; margin-left: auto; margin-right: auto;\">\n                    \n\t\t\t<form id=\"sib_signup_form_2\" method=\"post\" class=\"sib_signup_form\">\n\t\t\t\t<div class=\"sib_loader\" style=\"display:none;\"><img\n\t\t\t\t\t\t\tsrc=\"https:\/\/editionslaplume.fr\/wp-includes\/images\/spinner.gif\" alt=\"loader\"><\/div>\n\t\t\t\t<input type=\"hidden\" name=\"sib_form_action\" value=\"subscribe_form_submit\">\n\t\t\t\t<input type=\"hidden\" name=\"sib_form_id\" value=\"2\">\n                <input type=\"hidden\" name=\"sib_form_alert_notice\" value=\"Remplissez ce champ s\u2019il vous pla\u00eet\">\n                <input type=\"hidden\" name=\"sib_form_invalid_email_notice\" value=\"Cette adresse email n&#039;est pas valide\">\n                <input type=\"hidden\" name=\"sib_security\" value=\"523ff34906\">\n\t\t\t\t<div class=\"sib_signup_box_inside_2\">\n\t\t\t\t\t<div style=\"\/*display:none*\/\" class=\"sib_msg_disp\">\n\t\t\t\t\t<\/div>\n                    \t\t\t\t\t<p class=\"sib-email-area\">\r\n    Votre adresse email\r\n    <input type=\"email\" class=\"sib-email-area\" name=\"email\" required=\"required\">\r\n<\/p>\r\n<p>\r\n    <input type=\"submit\" class=\"sib-default-btn\" value=\"Valider\">\r\n<\/p>\t\t\t\t<\/div>\n\t\t\t<\/form>\n\t\t\t<style>\n\t\t\t\tform#sib_signup_form_2 p.sib-alert-message {\n    padding: 6px 12px;\n    margin-bottom: 20px;\n    border: 1px solid transparent;\n    border-radius: 4px;\n    -webkit-box-sizing: border-box;\n    -moz-box-sizing: border-box;\n    box-sizing: border-box;\n}\nform#sib_signup_form_2 p.sib-alert-message-error {\n    background-color: #f2dede;\n    border-color: #ebccd1;\n    color: #a94442;\n}\nform#sib_signup_form_2 p.sib-alert-message-success {\n    background-color: #dff0d8;\n    border-color: #d6e9c6;\n    color: #3c763d;\n}\nform#sib_signup_form_2 p.sib-alert-message-warning {\n    background-color: #fcf8e3;\n    border-color: #faebcc;\n    color: #8a6d3b;\n}\n\t\t\t<\/style>\n\t\t\t\n                <\/div>\n            <\/div>\n\n        <\/div> <\/div>\n<\/div>\n\n\n<!-- \/wp:post-content -->","protected":false},"excerpt":{"rendered":"","protected":false},"author":1,"featured_media":0,"parent":0,"menu_order":0,"comment_status":"closed","ping_status":"closed","template":"","meta":{"site-sidebar-layout":"default","site-content-layout":"","ast-site-content-layout":"default","site-content-style":"default","site-sidebar-style":"default","ast-global-header-display":"","ast-banner-title-visibility":"","ast-main-header-display":"","ast-hfb-above-header-display":"","ast-hfb-below-header-display":"","ast-hfb-mobile-header-display":"","site-post-title":"disabled","ast-breadcrumbs-content":"","ast-featured-img":"","footer-sml-layout":"","ast-disable-related-posts":"","theme-transparent-header-meta":"","adv-header-id-meta":"","stick-header-meta":"","header-above-stick-meta":"","header-main-stick-meta":"","header-below-stick-meta":"","astra-migrate-meta-layouts":"default","ast-page-background-enabled":"default","ast-page-background-meta":{"desktop":{"background-color":"var(--ast-global-color-5)","background-image":"","background-repeat":"repeat","background-position":"center center","background-size":"auto","background-attachment":"scroll","background-type":"","background-media":"","overlay-type":"","overlay-color":"","overlay-opacity":"","overlay-gradient":""},"tablet":{"background-color":"","background-image":"","background-repeat":"repeat","background-position":"center center","background-size":"auto","background-attachment":"scroll","background-type":"","background-media":"","overlay-type":"","overlay-color":"","overlay-opacity":"","overlay-gradient":""},"mobile":{"background-color":"","background-image":"","background-repeat":"repeat","background-position":"center center","background-size":"auto","background-attachment":"scroll","background-type":"","background-media":"","overlay-type":"","overlay-color":"","overlay-opacity":"","overlay-gradient":""}},"ast-content-background-meta":{"desktop":{"background-color":"var(--ast-global-color-4)","background-image":"","background-repeat":"repeat","background-position":"center center","background-size":"auto","background-attachment":"scroll","background-type":"","background-media":"","overlay-type":"","overlay-color":"","overlay-opacity":"","overlay-gradient":""},"tablet":{"background-color":"var(--ast-global-color-4)","background-image":"","background-repeat":"repeat","background-position":"center center","background-size":"auto","background-attachment":"scroll","background-type":"","background-media":"","overlay-type":"","overlay-color":"","overlay-opacity":"","overlay-gradient":""},"mobile":{"background-color":"var(--ast-global-color-4)","background-image":"","background-repeat":"repeat","background-position":"center center","background-size":"auto","background-attachment":"scroll","background-type":"","background-media":"","overlay-type":"","overlay-color":"","overlay-opacity":"","overlay-gradient":""}},"footnotes":""},"class_list":["post-561","page","type-page","status-publish","hentry"],"_links":{"self":[{"href":"https:\/\/editionslaplume.fr\/index.php\/wp-json\/wp\/v2\/pages\/561","targetHints":{"allow":["GET"]}}],"collection":[{"href":"https:\/\/editionslaplume.fr\/index.php\/wp-json\/wp\/v2\/pages"}],"about":[{"href":"https:\/\/editionslaplume.fr\/index.php\/wp-json\/wp\/v2\/types\/page"}],"author":[{"embeddable":true,"href":"https:\/\/editionslaplume.fr\/index.php\/wp-json\/wp\/v2\/users\/1"}],"replies":[{"embeddable":true,"href":"https:\/\/editionslaplume.fr\/index.php\/wp-json\/wp\/v2\/comments?post=561"}],"version-history":[{"count":82,"href":"https:\/\/editionslaplume.fr\/index.php\/wp-json\/wp\/v2\/pages\/561\/revisions"}],"predecessor-version":[{"id":1094,"href":"https:\/\/editionslaplume.fr\/index.php\/wp-json\/wp\/v2\/pages\/561\/revisions\/1094"}],"wp:attachment":[{"href":"https:\/\/editionslaplume.fr\/index.php\/wp-json\/wp\/v2\/media?parent=561"}],"curies":[{"name":"wp","href":"https:\/\/api.w.org\/{rel}","templated":true}]}}